{"id":2649,"date":"2026-01-19T16:55:02","date_gmt":"2026-01-19T16:55:02","guid":{"rendered":"https:\/\/cleaning-room.mosdev.site\/?page_id=2649"},"modified":"2026-01-19T17:00:11","modified_gmt":"2026-01-19T17:00:11","slug":"privacy-verklaring","status":"publish","type":"page","link":"https:\/\/csibv.com\/de\/privacy-verklaring\/","title":{"rendered":"Privacy verklaring"},"content":{"rendered":"<div data-elementor-type=\"wp-page\" data-elementor-id=\"2649\" class=\"elementor elementor-2649\" data-elementor-post-type=\"page\">\n\t\t\t\t<div class=\"elementor-element elementor-element-1ac5e772 e-flex e-con-boxed e-con e-parent\" data-id=\"1ac5e772\" data-element_type=\"container\" data-e-type=\"container\">\n\t\t\t\t\t<div class=\"e-con-inner\">\n\t\t\t\t<div class=\"elementor-element elementor-element-5a16efea elementor-widget elementor-widget-text-editor\" data-id=\"5a16efea\" data-element_type=\"widget\" data-e-type=\"widget\" data-widget_type=\"text-editor.default\">\n\t\t\t\t\t\t\t\t\t\n<p><strong>Datenschutzerkl\u00e4rung - Cleanroom Systems International B.V.<\/strong><\/p>\n\n\n\n<p><strong>Fassung: Januar 2026<\/strong><\/p>\n\n\n\n<p>Cleanroom Systems International B.V. (im Folgenden CSI) respektiert Ihre Privatsph\u00e4re und stellt sicher, dass Ihre pers\u00f6nlichen Daten vertraulich behandelt werden. In dieser Datenschutzerkl\u00e4rung erl\u00e4utern wir, welche Daten wir sammeln, zu welchem Zweck und wie wir sie behandeln.<\/p>\n\n\n\n<p><strong>1. Wer sind wir?<\/strong><\/p>\n\n\n\n<p>Reinraum-Systeme International B.V.<br>Alcoa Avenue 7<br>5151 RW Drunen, die Niederlande<br>Nummer der Handelskammer: 55885411<br>E-Mail: info@csibv.com<br>Telefon: +31 - 416 760 580<\/p>\n\n\n\n<p><strong>2. Welche personenbezogenen Daten verarbeiten wir?<\/strong><\/p>\n\n\n\n<p>Wir verarbeiten personenbezogene Daten, die Sie uns selbst zur Verf\u00fcgung stellen, z. B. \u00fcber das Kontaktformular auf unserer Website, bei der Anforderung eines Angebots oder per E-Mail. Dazu geh\u00f6ren:<\/p>\n\n\n\n<ul class=\"wp-block-list\">\n<li>Name und Funktion<\/li>\n\n\n\n<li>Name des Unternehmens<\/li>\n\n\n\n<li>Angaben zur Adresse<\/li>\n\n\n\n<li>Rufnummer<\/li>\n\n\n\n<li>E-Mail Adresse<\/li>\n\n\n\n<li>IP-Adresse und Cookies (Besuchsverhalten auf der Website)<\/li>\n<\/ul>\n\n\n\n<p><strong>3. F\u00fcr welche Zwecke verwenden wir Ihre Daten?<\/strong><\/p>\n\n\n\n<p>CSI verarbeitet Ihre Daten ausschlie\u00dflich zu den folgenden Zwecken:<\/p>\n\n\n\n<ul class=\"wp-block-list\">\n<li>Ausarbeitung von Angeboten und Vereinbarungen<\/li>\n\n\n\n<li>Versand von Newslettern oder Gesch\u00e4ftsmitteilungen<\/li>\n\n\n\n<li>Kunden- und Projektverwaltung<\/li>\n\n\n\n<li>Verbesserung unserer Website und Dienstleistungen<\/li>\n\n\n\n<li>Einhaltung der rechtlichen Verpflichtungen<\/li>\n<\/ul>\n\n\n\n<p><strong>4. Rechtsgrundlage f\u00fcr die Verarbeitung<\/strong><\/p>\n\n\n\n<p>Wir verarbeiten Ihre Daten auf der Grundlage von:<\/p>\n\n\n\n<ul class=\"wp-block-list\">\n<li>Ihre Zustimmung<\/li>\n\n\n\n<li>Abschluss einer Vereinbarung<\/li>\n\n\n\n<li>Rechtliche Verpflichtung<\/li>\n\n\n\n<li>Legitimes Interesse (z. B. zur direkten Kontaktaufnahme oder zur Analyse der Nutzung der Website)<\/li>\n<\/ul>\n\n\n\n<p><strong>5. Weitergabe von Daten an Dritte<\/strong><\/p>\n\n\n\n<p>Wir geben Ihre Daten nur dann an Dritte weiter, wenn dies f\u00fcr unsere Dienstleistungen erforderlich ist, wie z. B:<\/p>\n\n\n\n<ul class=\"wp-block-list\">\n<li>Partys veranstalten<\/li>\n\n\n\n<li>IT-Lieferanten<\/li>\n\n\n\n<li>Marketing-Agenturen\u00a0<\/li>\n\n\n\n<li>Externe Validierungs- oder Montagepartner (falls zutreffend)<br>Wir schlie\u00dfen mit diesen Parteien Vereinbarungen zur Verarbeitung ab, um Ihre Privatsph\u00e4re zu sch\u00fctzen.<\/li>\n<\/ul>\n\n\n\n<p><strong>6. Cookies und Website-Analyse<\/strong><\/p>\n\n\n\n<p>Unsere Website verwendet funktionale, analytische und m\u00f6glicherweise Marketing-Cookies. Cookies helfen uns, die Website korrekt zu betreiben und das Besucherverhalten zu verstehen. Bei Ihrem ersten Besuch bitten wir Sie um die Erlaubnis, nicht-funktionale Cookies zu setzen.<\/p>\n\n\n\n<p><strong>7. Wie lange bewahren wir Ihre Daten auf?<\/strong><\/p>\n\n\n\n<p>Wir bewahren Ihre Daten nicht l\u00e4nger auf, als f\u00fcr den Zweck, f\u00fcr den sie erhoben wurden, erforderlich ist, es sei denn, eine l\u00e4ngere Aufbewahrungsfrist ist gesetzlich vorgeschrieben.<\/p>\n\n\n\n<p><strong>8. Deine Rechte<\/strong><\/p>\n\n\n\n<p>Sie haben ein Recht darauf:<\/p>\n\n\n\n<ul class=\"wp-block-list\">\n<li>Zugang zu Ihren Daten<\/li>\n\n\n\n<li>Berichtigung oder L\u00f6schung<\/li>\n\n\n\n<li>Einschr\u00e4nkung der Verarbeitung<\/li>\n\n\n\n<li>Einspruch gegen die Verarbeitung<\/li>\n\n\n\n<li>\u00dcbertragbarkeit Ihrer Daten<\/li>\n<\/ul>\n\n\n\n<p>Sie k\u00f6nnen einen Antrag stellen unter info@csibv.com. Wir werden innerhalb von 30 Tagen antworten.<\/p>\n\n\n\n<p><strong>9. Sicherheit<\/strong><\/p>\n\n\n\n<p>Wir treffen geeignete technische und organisatorische Ma\u00dfnahmen, um Ihre Daten vor Verlust oder unrechtm\u00e4\u00dfiger Verarbeitung zu sch\u00fctzen.<\/p>\n\n\n\n<p><strong>10. Beanstandungen?<\/strong><\/p>\n\n\n\n<p>Haben Sie eine Beschwerde \u00fcber die Verarbeitung Ihrer personenbezogenen Daten? Dann wenden Sie sich bitte an uns. Sie haben auch das Recht, eine Beschwerde bei der Beh\u00f6rde f\u00fcr personenbezogene Daten unter www.autoriteitpersoonsgegevens.nl einzureichen.<\/p>\n\n\n\n<p><strong>11. \u00c4nderungen an dieser Datenschutzerkl\u00e4rung<\/strong><\/p>\n\n\n\n<p>CSI beh\u00e4lt sich das Recht vor, diese Erkl\u00e4rung zum Datenschutz zu \u00e4ndern. Die aktuellste Version ist immer auf unserer Website verf\u00fcgbar.<\/p>\n\n\n\n<p><strong>Letzte Aktualisierung: 19. Januar 2026<\/strong><\/p>\n\t\t\t\t\t\t\t\t<\/div>\n\t\t\t\t\t<\/div>\n\t\t\t\t<\/div>\n\t\t\t\t<\/div>","protected":false},"excerpt":{"rendered":"<p>Privacyverklaring \u2013 Cleanroom Systems International B.V. Versie: januari 2026 Cleanroom Systems International B.V. (hierna: CSI) respecteert uw privacy en draagt er zorg voor dat uw persoonsgegevens vertrouwelijk worden behandeld. In deze privacyverklaring leggen wij uit welke gegevens wij verzamelen, met welk doel, en hoe wij hiermee omgaan. 1. Wie zijn wij? Cleanroom Systems International B.V.Alcoalaan [&hellip;]<\/p>\n","protected":false},"author":1,"featured_media":0,"parent":0,"menu_order":0,"comment_status":"closed","ping_status":"closed","template":"elementor_header_footer","meta":{"_acf_changed":false,"footnotes":""},"class_list":["post-2649","page","type-page","status-publish","hentry"],"acf":[],"yoast_head":"<!-- This site is optimized with the Yoast SEO plugin v27.4 - https:\/\/yoast.com\/product\/yoast-seo-wordpress\/ -->\n<title>Privacy verklaring - Cleanroom Systems International B.V.<\/title>\n<meta name=\"robots\" content=\"index, follow, max-snippet:-1, max-image-preview:large, max-video-preview:-1\" \/>\n<link rel=\"canonical\" href=\"https:\/\/csibv.com\/de\/privacy-verklaring\/\" \/>\n<meta property=\"og:locale\" content=\"de_DE\" \/>\n<meta property=\"og:type\" content=\"article\" \/>\n<meta property=\"og:title\" content=\"Privacy verklaring - Cleanroom Systems International B.V.\" \/>\n<meta property=\"og:description\" content=\"Privacyverklaring \u2013 Cleanroom Systems International B.V. Versie: januari 2026 Cleanroom Systems International B.V. (hierna: CSI) respecteert uw privacy en draagt er zorg voor dat uw persoonsgegevens vertrouwelijk worden behandeld. In deze privacyverklaring leggen wij uit welke gegevens wij verzamelen, met welk doel, en hoe wij hiermee omgaan. 1. Wie zijn wij? Cleanroom Systems International B.V.Alcoalaan [&hellip;]\" \/>\n<meta property=\"og:url\" content=\"https:\/\/csibv.com\/de\/privacy-verklaring\/\" \/>\n<meta property=\"og:site_name\" content=\"Cleanroom Systems International B.V.\" \/>\n<meta property=\"article:modified_time\" content=\"2026-01-19T17:00:11+00:00\" \/>\n<meta property=\"og:image\" content=\"https:\/\/csibv.com\/wp-content\/uploads\/2026\/01\/logo_CSI.png\" \/>\n\t<meta property=\"og:image:width\" content=\"1391\" \/>\n\t<meta property=\"og:image:height\" content=\"450\" \/>\n\t<meta property=\"og:image:type\" content=\"image\/png\" \/>\n<meta name=\"twitter:card\" content=\"summary_large_image\" \/>\n<meta name=\"twitter:label1\" content=\"Est. reading time\" \/>\n\t<meta name=\"twitter:data1\" content=\"2 minutes\" \/>\n<script type=\"application\/ld+json\" class=\"yoast-schema-graph\">{\"@context\":\"https:\\\/\\\/schema.org\",\"@graph\":[{\"@type\":\"WebPage\",\"@id\":\"https:\\\/\\\/csibv.com\\\/privacy-verklaring\\\/\",\"url\":\"https:\\\/\\\/csibv.com\\\/privacy-verklaring\\\/\",\"name\":\"Privacy verklaring - Cleanroom Systems International B.V.\",\"isPartOf\":{\"@id\":\"https:\\\/\\\/csibv.com\\\/#website\"},\"datePublished\":\"2026-01-19T16:55:02+00:00\",\"dateModified\":\"2026-01-19T17:00:11+00:00\",\"breadcrumb\":{\"@id\":\"https:\\\/\\\/csibv.com\\\/privacy-verklaring\\\/#breadcrumb\"},\"inLanguage\":\"de-DE\",\"potentialAction\":[{\"@type\":\"ReadAction\",\"target\":[\"https:\\\/\\\/csibv.com\\\/privacy-verklaring\\\/\"]}]},{\"@type\":\"BreadcrumbList\",\"@id\":\"https:\\\/\\\/csibv.com\\\/privacy-verklaring\\\/#breadcrumb\",\"itemListElement\":[{\"@type\":\"ListItem\",\"position\":1,\"name\":\"Home\",\"item\":\"https:\\\/\\\/csibv.com\\\/\"},{\"@type\":\"ListItem\",\"position\":2,\"name\":\"Privacy verklaring\"}]},{\"@type\":\"WebSite\",\"@id\":\"https:\\\/\\\/csibv.com\\\/#website\",\"url\":\"https:\\\/\\\/csibv.com\\\/\",\"name\":\"Cleanroom Systems International B.V.\",\"description\":\"\",\"publisher\":{\"@id\":\"https:\\\/\\\/csibv.com\\\/#organization\"},\"potentialAction\":[{\"@type\":\"SearchAction\",\"target\":{\"@type\":\"EntryPoint\",\"urlTemplate\":\"https:\\\/\\\/csibv.com\\\/?s={search_term_string}\"},\"query-input\":{\"@type\":\"PropertyValueSpecification\",\"valueRequired\":true,\"valueName\":\"search_term_string\"}}],\"inLanguage\":\"de-DE\"},{\"@type\":\"Organization\",\"@id\":\"https:\\\/\\\/csibv.com\\\/#organization\",\"name\":\"Cleanroom Systems International B.V.\",\"url\":\"https:\\\/\\\/csibv.com\\\/\",\"logo\":{\"@type\":\"ImageObject\",\"inLanguage\":\"de-DE\",\"@id\":\"https:\\\/\\\/csibv.com\\\/#\\\/schema\\\/logo\\\/image\\\/\",\"url\":\"https:\\\/\\\/csibv.com\\\/wp-content\\\/uploads\\\/2026\\\/01\\\/logo_CSI.png\",\"contentUrl\":\"https:\\\/\\\/csibv.com\\\/wp-content\\\/uploads\\\/2026\\\/01\\\/logo_CSI.png\",\"width\":1391,\"height\":450,\"caption\":\"Cleanroom Systems International B.V.\"},\"image\":{\"@id\":\"https:\\\/\\\/csibv.com\\\/#\\\/schema\\\/logo\\\/image\\\/\"}}]}<\/script>\n<!-- \/ Yoast SEO plugin. -->","yoast_head_json":{"title":"Privacy verklaring - Cleanroom Systems International B.V.","robots":{"index":"index","follow":"follow","max-snippet":"max-snippet:-1","max-image-preview":"max-image-preview:large","max-video-preview":"max-video-preview:-1"},"canonical":"https:\/\/csibv.com\/de\/privacy-verklaring\/","og_locale":"de_DE","og_type":"article","og_title":"Privacy verklaring - Cleanroom Systems International B.V.","og_description":"Privacyverklaring \u2013 Cleanroom Systems International B.V. Versie: januari 2026 Cleanroom Systems International B.V. (hierna: CSI) respecteert uw privacy en draagt er zorg voor dat uw persoonsgegevens vertrouwelijk worden behandeld. In deze privacyverklaring leggen wij uit welke gegevens wij verzamelen, met welk doel, en hoe wij hiermee omgaan. 1. Wie zijn wij? Cleanroom Systems International B.V.Alcoalaan [&hellip;]","og_url":"https:\/\/csibv.com\/de\/privacy-verklaring\/","og_site_name":"Cleanroom Systems International B.V.","article_modified_time":"2026-01-19T17:00:11+00:00","og_image":[{"width":1391,"height":450,"url":"https:\/\/csibv.com\/wp-content\/uploads\/2026\/01\/logo_CSI.png","type":"image\/png"}],"twitter_card":"summary_large_image","twitter_misc":{"Est. reading time":"2 minutes"},"schema":{"@context":"https:\/\/schema.org","@graph":[{"@type":"WebPage","@id":"https:\/\/csibv.com\/privacy-verklaring\/","url":"https:\/\/csibv.com\/privacy-verklaring\/","name":"Privacy verklaring - Cleanroom Systems International B.V.","isPartOf":{"@id":"https:\/\/csibv.com\/#website"},"datePublished":"2026-01-19T16:55:02+00:00","dateModified":"2026-01-19T17:00:11+00:00","breadcrumb":{"@id":"https:\/\/csibv.com\/privacy-verklaring\/#breadcrumb"},"inLanguage":"de-DE","potentialAction":[{"@type":"ReadAction","target":["https:\/\/csibv.com\/privacy-verklaring\/"]}]},{"@type":"BreadcrumbList","@id":"https:\/\/csibv.com\/privacy-verklaring\/#breadcrumb","itemListElement":[{"@type":"ListItem","position":1,"name":"Home","item":"https:\/\/csibv.com\/"},{"@type":"ListItem","position":2,"name":"Privacy verklaring"}]},{"@type":"WebSite","@id":"https:\/\/csibv.com\/#website","url":"https:\/\/csibv.com\/","name":"Reinraum-Systeme International B.V.","description":"","publisher":{"@id":"https:\/\/csibv.com\/#organization"},"potentialAction":[{"@type":"SearchAction","target":{"@type":"EntryPoint","urlTemplate":"https:\/\/csibv.com\/?s={search_term_string}"},"query-input":{"@type":"PropertyValueSpecification","valueRequired":true,"valueName":"search_term_string"}}],"inLanguage":"de-DE"},{"@type":"Organization","@id":"https:\/\/csibv.com\/#organization","name":"Reinraum-Systeme International B.V.","url":"https:\/\/csibv.com\/","logo":{"@type":"ImageObject","inLanguage":"de-DE","@id":"https:\/\/csibv.com\/#\/schema\/logo\/image\/","url":"https:\/\/csibv.com\/wp-content\/uploads\/2026\/01\/logo_CSI.png","contentUrl":"https:\/\/csibv.com\/wp-content\/uploads\/2026\/01\/logo_CSI.png","width":1391,"height":450,"caption":"Cleanroom Systems International B.V."},"image":{"@id":"https:\/\/csibv.com\/#\/schema\/logo\/image\/"}}]}},"_links":{"self":[{"href":"https:\/\/csibv.com\/de\/wp-json\/wp\/v2\/pages\/2649","targetHints":{"allow":["GET"]}}],"collection":[{"href":"https:\/\/csibv.com\/de\/wp-json\/wp\/v2\/pages"}],"about":[{"href":"https:\/\/csibv.com\/de\/wp-json\/wp\/v2\/types\/page"}],"author":[{"embeddable":true,"href":"https:\/\/csibv.com\/de\/wp-json\/wp\/v2\/users\/1"}],"replies":[{"embeddable":true,"href":"https:\/\/csibv.com\/de\/wp-json\/wp\/v2\/comments?post=2649"}],"version-history":[{"count":0,"href":"https:\/\/csibv.com\/de\/wp-json\/wp\/v2\/pages\/2649\/revisions"}],"wp:attachment":[{"href":"https:\/\/csibv.com\/de\/wp-json\/wp\/v2\/media?parent=2649"}],"curies":[{"name":"wp","href":"https:\/\/api.w.org\/{rel}","templated":true}]}}